{"id":317,"date":"2021-03-30T09:15:15","date_gmt":"2021-03-30T09:15:15","guid":{"rendered":"https:\/\/mengiapartments.is\/um-okkur\/"},"modified":"2021-03-30T09:45:09","modified_gmt":"2021-03-30T09:45:09","slug":"um-okkur","status":"publish","type":"page","link":"https:\/\/mengiapartments.is\/is\/um-okkur\/","title":{"rendered":"Um okkur"},"content":{"rendered":"\t\t<div data-elementor-type=\"wp-page\" data-elementor-id=\"317\" class=\"elementor elementor-317 elementor-78\" data-elementor-post-type=\"page\">\n\t\t\t\t\t\t<section class=\"elementor-section elementor-top-section elementor-element elementor-element-601c5bed elementor-section-full_width elementor-section-height-min-height elementor-section-items-stretch elementor-section-content-middle elementor-section-height-default\" data-id=\"601c5bed\" data-element_type=\"section\" data-e-type=\"section\">\n\t\t\t\t\t\t<div class=\"elementor-container elementor-column-gap-no\">\n\t\t\t\t\t<div class=\"elementor-column elementor-col-50 elementor-top-column elementor-element elementor-element-3fedcb2a\" data-id=\"3fedcb2a\" data-element_type=\"column\" data-e-type=\"column\" data-settings=\"{&quot;background_background&quot;:&quot;classic&quot;}\">\n\t\t\t<div class=\"elementor-widget-wrap elementor-element-populated\">\n\t\t\t\t\t\t<div class=\"elementor-element elementor-element-329ec9ef elementor-widget elementor-widget-spacer\" data-id=\"329ec9ef\" data-element_type=\"widget\" data-e-type=\"widget\" data-widget_type=\"spacer.default\">\n\t\t\t\t<div class=\"elementor-widget-container\">\n\t\t\t\t\t\t\t<div class=\"elementor-spacer\">\n\t\t\t<div class=\"elementor-spacer-inner\"><\/div>\n\t\t<\/div>\n\t\t\t\t\t\t<\/div>\n\t\t\t\t<\/div>\n\t\t\t\t\t<\/div>\n\t\t<\/div>\n\t\t\t\t<div class=\"elementor-column elementor-col-50 elementor-top-column elementor-element elementor-element-7129738c\" data-id=\"7129738c\" data-element_type=\"column\" data-e-type=\"column\" data-settings=\"{&quot;background_background&quot;:&quot;classic&quot;}\">\n\t\t\t<div class=\"elementor-widget-wrap elementor-element-populated\">\n\t\t\t\t\t\t<div class=\"elementor-element elementor-element-581c2d0 elementor-invisible elementor-widget elementor-widget-heading\" data-id=\"581c2d0\" data-element_type=\"widget\" data-e-type=\"widget\" data-settings=\"{&quot;_animation&quot;:&quot;fadeInDown&quot;}\" data-widget_type=\"heading.default\">\n\t\t\t\t<div class=\"elementor-widget-container\">\n\t\t\t\t\t<span class=\"elementor-heading-title elementor-size-default\">Mengi Apartments<\/span>\t\t\t\t<\/div>\n\t\t\t\t<\/div>\n\t\t\t\t<div class=\"elementor-element elementor-element-5d60c2e3 elementor-widget elementor-widget-heading\" data-id=\"5d60c2e3\" data-element_type=\"widget\" data-e-type=\"widget\" data-widget_type=\"heading.default\">\n\t\t\t\t<div class=\"elementor-widget-container\">\n\t\t\t\t\t<h2 class=\"elementor-heading-title elementor-size-default\">ABOUT<br>US<\/h2>\t\t\t\t<\/div>\n\t\t\t\t<\/div>\n\t\t\t\t<div class=\"elementor-element elementor-element-29a55dc6 elementor-widget elementor-widget-text-editor\" data-id=\"29a55dc6\" data-element_type=\"widget\" data-e-type=\"widget\" data-widget_type=\"text-editor.default\">\n\t\t\t\t<div class=\"elementor-widget-container\">\n\t\t\t\t\t\t\t\t\t<p>Mengi Apartments var stofna\u00f0 fyrir nokrum \u00e1rum og er \u00ed eigu fj\u00f6lskyldu. Sta\u00f0setningin er sennilega s\u00fa besta \u00ed Reykjav\u00edk og\u00a0 viljum gera allt til \u00feess a\u00f0 \u00fe\u00e9r l\u00ed\u00f0i sem best hj\u00e1 okkur.<\/p>\n\t\t\t\t\t\t\t\t<\/div>\n\t\t\t\t<\/div>\n\t\t\t\t\t<\/div>\n\t\t<\/div>\n\t\t\t\t\t<\/div>\n\t\t<\/section>\n\t\t\t\t<\/div>\n\t\t","protected":false},"excerpt":{"rendered":"<p>Mengi Apartments ABOUTUS Mengi Apartments var stofna\u00f0 fyrir nokrum \u00e1rum og er \u00ed eigu fj\u00f6lskyldu. Sta\u00f0setningin er sennilega s\u00fa besta \u00ed Reykjav\u00edk og\u00a0 viljum gera allt til \u00feess a\u00f0 \u00fe\u00e9r l\u00ed\u00f0i sem best hj\u00e1 okkur.<\/p>\n","protected":false},"author":1,"featured_media":0,"parent":0,"menu_order":0,"comment_status":"closed","ping_status":"closed","template":"","meta":{"footnotes":""},"class_list":["post-317","page","type-page","status-publish","hentry"],"yoast_head":"<!-- This site is optimized with the Yoast SEO plugin v27.3 - https:\/\/yoast.com\/product\/yoast-seo-wordpress\/ -->\n<title>Um okkur - Mengi Apartments<\/title>\n<meta name=\"robots\" content=\"index, follow, max-snippet:-1, max-image-preview:large, max-video-preview:-1\" \/>\n<link rel=\"canonical\" href=\"https:\/\/mengiapartments.is\/is\/um-okkur\/\" \/>\n<meta property=\"og:locale\" content=\"is_IS\" \/>\n<meta property=\"og:type\" content=\"article\" \/>\n<meta property=\"og:title\" content=\"Um okkur - Mengi Apartments\" \/>\n<meta property=\"og:description\" content=\"Mengi Apartments ABOUTUS Mengi Apartments var stofna\u00f0 fyrir nokrum \u00e1rum og er \u00ed eigu fj\u00f6lskyldu. Sta\u00f0setningin er sennilega s\u00fa besta \u00ed Reykjav\u00edk og\u00a0 viljum gera allt til \u00feess a\u00f0 \u00fe\u00e9r l\u00ed\u00f0i sem best hj\u00e1 okkur.\" \/>\n<meta property=\"og:url\" content=\"https:\/\/mengiapartments.is\/is\/um-okkur\/\" \/>\n<meta property=\"og:site_name\" content=\"Mengi Apartments\" \/>\n<meta property=\"article:modified_time\" content=\"2021-03-30T09:45:09+00:00\" \/>\n<meta name=\"twitter:card\" content=\"summary_large_image\" \/>\n<script type=\"application\/ld+json\" class=\"yoast-schema-graph\">{\"@context\":\"https:\\\/\\\/schema.org\",\"@graph\":[{\"@type\":\"WebPage\",\"@id\":\"https:\\\/\\\/mengiapartments.is\\\/is\\\/um-okkur\\\/\",\"url\":\"https:\\\/\\\/mengiapartments.is\\\/is\\\/um-okkur\\\/\",\"name\":\"Um okkur - Mengi Apartments\",\"isPartOf\":{\"@id\":\"https:\\\/\\\/mengiapartments.is\\\/#website\"},\"datePublished\":\"2021-03-30T09:15:15+00:00\",\"dateModified\":\"2021-03-30T09:45:09+00:00\",\"breadcrumb\":{\"@id\":\"https:\\\/\\\/mengiapartments.is\\\/is\\\/um-okkur\\\/#breadcrumb\"},\"inLanguage\":\"is\",\"potentialAction\":[{\"@type\":\"ReadAction\",\"target\":[\"https:\\\/\\\/mengiapartments.is\\\/is\\\/um-okkur\\\/\"]}]},{\"@type\":\"BreadcrumbList\",\"@id\":\"https:\\\/\\\/mengiapartments.is\\\/is\\\/um-okkur\\\/#breadcrumb\",\"itemListElement\":[{\"@type\":\"ListItem\",\"position\":1,\"name\":\"Home\",\"item\":\"https:\\\/\\\/mengiapartments.is\\\/is\\\/\"},{\"@type\":\"ListItem\",\"position\":2,\"name\":\"Um okkur\"}]},{\"@type\":\"WebSite\",\"@id\":\"https:\\\/\\\/mengiapartments.is\\\/#website\",\"url\":\"https:\\\/\\\/mengiapartments.is\\\/\",\"name\":\"Mengi Apartments\",\"description\":\"Reykjav&iacute;k, Iceland\",\"potentialAction\":[{\"@type\":\"SearchAction\",\"target\":{\"@type\":\"EntryPoint\",\"urlTemplate\":\"https:\\\/\\\/mengiapartments.is\\\/?s={search_term_string}\"},\"query-input\":{\"@type\":\"PropertyValueSpecification\",\"valueRequired\":true,\"valueName\":\"search_term_string\"}}],\"inLanguage\":\"is\"}]}<\/script>\n<!-- \/ Yoast SEO plugin. -->","yoast_head_json":{"title":"Um okkur - Mengi Apartments","robots":{"index":"index","follow":"follow","max-snippet":"max-snippet:-1","max-image-preview":"max-image-preview:large","max-video-preview":"max-video-preview:-1"},"canonical":"https:\/\/mengiapartments.is\/is\/um-okkur\/","og_locale":"is_IS","og_type":"article","og_title":"Um okkur - Mengi Apartments","og_description":"Mengi Apartments ABOUTUS Mengi Apartments var stofna\u00f0 fyrir nokrum \u00e1rum og er \u00ed eigu fj\u00f6lskyldu. Sta\u00f0setningin er sennilega s\u00fa besta \u00ed Reykjav\u00edk og\u00a0 viljum gera allt til \u00feess a\u00f0 \u00fe\u00e9r l\u00ed\u00f0i sem best hj\u00e1 okkur.","og_url":"https:\/\/mengiapartments.is\/is\/um-okkur\/","og_site_name":"Mengi Apartments","article_modified_time":"2021-03-30T09:45:09+00:00","twitter_card":"summary_large_image","schema":{"@context":"https:\/\/schema.org","@graph":[{"@type":"WebPage","@id":"https:\/\/mengiapartments.is\/is\/um-okkur\/","url":"https:\/\/mengiapartments.is\/is\/um-okkur\/","name":"Um okkur - Mengi Apartments","isPartOf":{"@id":"https:\/\/mengiapartments.is\/#website"},"datePublished":"2021-03-30T09:15:15+00:00","dateModified":"2021-03-30T09:45:09+00:00","breadcrumb":{"@id":"https:\/\/mengiapartments.is\/is\/um-okkur\/#breadcrumb"},"inLanguage":"is","potentialAction":[{"@type":"ReadAction","target":["https:\/\/mengiapartments.is\/is\/um-okkur\/"]}]},{"@type":"BreadcrumbList","@id":"https:\/\/mengiapartments.is\/is\/um-okkur\/#breadcrumb","itemListElement":[{"@type":"ListItem","position":1,"name":"Home","item":"https:\/\/mengiapartments.is\/is\/"},{"@type":"ListItem","position":2,"name":"Um okkur"}]},{"@type":"WebSite","@id":"https:\/\/mengiapartments.is\/#website","url":"https:\/\/mengiapartments.is\/","name":"Mengi Apartments","description":"Reykjav&iacute;k, Iceland","potentialAction":[{"@type":"SearchAction","target":{"@type":"EntryPoint","urlTemplate":"https:\/\/mengiapartments.is\/?s={search_term_string}"},"query-input":{"@type":"PropertyValueSpecification","valueRequired":true,"valueName":"search_term_string"}}],"inLanguage":"is"}]}},"_links":{"self":[{"href":"https:\/\/mengiapartments.is\/is\/wp-json\/wp\/v2\/pages\/317","targetHints":{"allow":["GET"]}}],"collection":[{"href":"https:\/\/mengiapartments.is\/is\/wp-json\/wp\/v2\/pages"}],"about":[{"href":"https:\/\/mengiapartments.is\/is\/wp-json\/wp\/v2\/types\/page"}],"author":[{"embeddable":true,"href":"https:\/\/mengiapartments.is\/is\/wp-json\/wp\/v2\/users\/1"}],"replies":[{"embeddable":true,"href":"https:\/\/mengiapartments.is\/is\/wp-json\/wp\/v2\/comments?post=317"}],"version-history":[{"count":4,"href":"https:\/\/mengiapartments.is\/is\/wp-json\/wp\/v2\/pages\/317\/revisions"}],"predecessor-version":[{"id":324,"href":"https:\/\/mengiapartments.is\/is\/wp-json\/wp\/v2\/pages\/317\/revisions\/324"}],"wp:attachment":[{"href":"https:\/\/mengiapartments.is\/is\/wp-json\/wp\/v2\/media?parent=317"}],"curies":[{"name":"wp","href":"https:\/\/api.w.org\/{rel}","templated":true}]}}