{"id":342,"date":"2021-03-30T10:09:08","date_gmt":"2021-03-30T10:09:08","guid":{"rendered":"https:\/\/mengiapartments.is\/ibudir\/"},"modified":"2021-04-07T08:42:02","modified_gmt":"2021-04-07T08:42:02","slug":"ibudir","status":"publish","type":"page","link":"https:\/\/mengiapartments.is\/is\/ibudir\/","title":{"rendered":"\u00cdb\u00fa\u00f0ir"},"content":{"rendered":"\t\t<div data-elementor-type=\"wp-page\" data-elementor-id=\"342\" class=\"elementor elementor-342 elementor-112\" data-elementor-post-type=\"page\">\n\t\t\t\t\t\t<section class=\"elementor-section elementor-top-section elementor-element elementor-element-2f4d9a35 elementor-section-full_width elementor-section-content-middle elementor-section-height-default elementor-section-height-default\" data-id=\"2f4d9a35\" data-element_type=\"section\" data-e-type=\"section\">\n\t\t\t\t\t\t<div class=\"elementor-container elementor-column-gap-no\">\n\t\t\t\t\t<div class=\"elementor-column elementor-col-50 elementor-top-column elementor-element elementor-element-18e0c235\" data-id=\"18e0c235\" data-element_type=\"column\" data-e-type=\"column\" data-settings=\"{&quot;background_background&quot;:&quot;classic&quot;}\">\n\t\t\t<div class=\"elementor-widget-wrap elementor-element-populated\">\n\t\t\t\t\t\t<div class=\"elementor-element elementor-element-2c9920e elementor-hidden-desktop elementor-widget elementor-widget-spacer\" data-id=\"2c9920e\" data-element_type=\"widget\" data-e-type=\"widget\" data-widget_type=\"spacer.default\">\n\t\t\t\t<div class=\"elementor-widget-container\">\n\t\t\t\t\t\t\t<div class=\"elementor-spacer\">\n\t\t\t<div class=\"elementor-spacer-inner\"><\/div>\n\t\t<\/div>\n\t\t\t\t\t\t<\/div>\n\t\t\t\t<\/div>\n\t\t\t\t\t<\/div>\n\t\t<\/div>\n\t\t\t\t<div class=\"elementor-column elementor-col-50 elementor-top-column elementor-element elementor-element-18cb1e19\" data-id=\"18cb1e19\" data-element_type=\"column\" data-e-type=\"column\" data-settings=\"{&quot;background_background&quot;:&quot;classic&quot;}\">\n\t\t\t<div class=\"elementor-widget-wrap elementor-element-populated\">\n\t\t\t\t\t\t<div class=\"elementor-element elementor-element-42d85eba elementor-cta--skin-classic elementor-animated-content elementor-widget elementor-widget-call-to-action\" data-id=\"42d85eba\" data-element_type=\"widget\" data-e-type=\"widget\" data-widget_type=\"call-to-action.default\">\n\t\t\t\t<div class=\"elementor-widget-container\">\n\t\t\t\t\t\t\t<div class=\"elementor-cta\">\n\t\t\t\t\t\t\t<div class=\"elementor-cta__content\">\n\t\t\t\t\n\t\t\t\t\t\t\t\t\t<h2 class=\"elementor-cta__title elementor-cta__content-item elementor-content-item\">\n\t\t\t\t\t\t\u00cdB\u00da\u00d0 01\t\t\t\t\t<\/h2>\n\t\t\t\t\n\t\t\t\t\t\t\t\t\t<div class=\"elementor-cta__description elementor-cta__content-item elementor-content-item\">\n\t\t\t\t\t\t<p><strong>\u00a0 \u00a0 \u00a0Samantekt um \u00edb\u00fa\u00f0ina:<\/strong><\/p>\n<ul>\n<li>S\u00e9r inngangur me\u00f0 anddyri og fatask\u00e1pum.<\/li>\n<li>Flott eldh\u00fas me\u00f0 \u00f6llum gr\u00e6jum.<\/li>\n<li>Eitt svefnherbergi me\u00f0 r\u00fami fyrir tvo.<\/li>\n<li>\u00cd stofunni er svefns\u00f3fi fyrir tvo<\/li>\n<li>F\u00ednt ba\u00f0herbergi me\u00f0 \u00f6llum a\u00f0b\u00fana\u00f0i.<\/li>\n<li>Flottur flatskj\u00e1r og fr\u00edtt Wifi<\/li>\n<li>\u00cdb\u00fa\u00f0in ef fullh\u00fasg\u00f6gnu\u00f0 og er um 50 fm.<\/li>\n<\/ul>\n<p><strong>\u00a0<\/strong><\/p>\n\t\t\t\t\t<\/div>\n\t\t\t\t\n\t\t\t\t\t\t\t\t\t<div class=\"elementor-cta__button-wrapper elementor-cta__content-item elementor-content-item \">\n\t\t\t\t\t<a class=\"elementor-cta__button elementor-button elementor-size-\" href=\"https:\/\/property.godo.is\/booking2.php?propid=29365\">\n\t\t\t\t\t\tB\u00f3ka\u00f0u h\u00e9r \u27f6\t\t\t\t\t<\/a>\n\t\t\t\t\t<\/div>\n\t\t\t\t\t\t\t<\/div>\n\t\t\t\t\t\t<\/div>\n\t\t\t\t\t\t<\/div>\n\t\t\t\t<\/div>\n\t\t\t\t\t<\/div>\n\t\t<\/div>\n\t\t\t\t\t<\/div>\n\t\t<\/section>\n\t\t\t\t<section class=\"elementor-section elementor-top-section elementor-element elementor-element-4b9c288 elementor-section-full_width elementor-section-content-middle elementor-reverse-mobile elementor-section-height-default elementor-section-height-default\" data-id=\"4b9c288\" data-element_type=\"section\" data-e-type=\"section\">\n\t\t\t\t\t\t<div class=\"elementor-container elementor-column-gap-no\">\n\t\t\t\t\t<div class=\"elementor-column elementor-col-50 elementor-top-column elementor-element elementor-element-b74786d\" data-id=\"b74786d\" data-element_type=\"column\" data-e-type=\"column\" data-settings=\"{&quot;background_background&quot;:&quot;classic&quot;}\">\n\t\t\t<div class=\"elementor-widget-wrap elementor-element-populated\">\n\t\t\t\t\t\t<div class=\"elementor-element elementor-element-fbc37fb elementor-cta--skin-classic elementor-animated-content elementor-widget elementor-widget-call-to-action\" data-id=\"fbc37fb\" data-element_type=\"widget\" data-e-type=\"widget\" data-widget_type=\"call-to-action.default\">\n\t\t\t\t<div class=\"elementor-widget-container\">\n\t\t\t\t\t\t\t<div class=\"elementor-cta\">\n\t\t\t\t\t\t\t<div class=\"elementor-cta__content\">\n\t\t\t\t\n\t\t\t\t\t\t\t\t\t<h2 class=\"elementor-cta__title elementor-cta__content-item elementor-content-item\">\n\t\t\t\t\t\t\u00cdB\u00da\u00d0 02\t\t\t\t\t<\/h2>\n\t\t\t\t\n\t\t\t\t\t\t\t\t\t<div class=\"elementor-cta__description elementor-cta__content-item elementor-content-item\">\n\t\t\t\t\t\t<p><strong>\u00a0 \u00a0 \u00a0Samantekt um \u00edb\u00fa\u00f0ina:<\/strong><\/p>\n<ul>\n<li>S\u00e9r inngangur me\u00f0 anddyri og fatask\u00e1pum.<\/li>\n<li>Flott eldh\u00fas me\u00f0 \u00f6llum gr\u00e6jum.<\/li>\n<li>Tv\u00f6 svefnherbergi me\u00f0 r\u00fam fyrir tvo \u00ed hvoru herbergi.<\/li>\n<li>\u00cd stofunni er svefns\u00f3fi fyrir tvo<\/li>\n<li>F\u00ednt ba\u00f0herbergi me\u00f0 \u00f6llum a\u00f0b\u00fana\u00f0i.<\/li>\n<li>Flottur flatskj\u00e1r og fr\u00edtt Wifi<\/li>\n<li>\u00cdb\u00fa\u00f0in ef fullh\u00fasg\u00f6gnu\u00f0 og er um 75 fm.<\/li>\n<\/ul>\n\t\t\t\t\t<\/div>\n\t\t\t\t\n\t\t\t\t\t\t\t\t\t<div class=\"elementor-cta__button-wrapper elementor-cta__content-item elementor-content-item \">\n\t\t\t\t\t<a class=\"elementor-cta__button elementor-button elementor-size-\" href=\"https:\/\/property.godo.is\/booking2.php?propid=29365\">\n\t\t\t\t\t\tB\u00f3ka\u00f0u h\u00e9r \u27f6\t\t\t\t\t<\/a>\n\t\t\t\t\t<\/div>\n\t\t\t\t\t\t\t<\/div>\n\t\t\t\t\t\t<\/div>\n\t\t\t\t\t\t<\/div>\n\t\t\t\t<\/div>\n\t\t\t\t\t<\/div>\n\t\t<\/div>\n\t\t\t\t<div class=\"elementor-column elementor-col-50 elementor-top-column elementor-element elementor-element-9452284\" data-id=\"9452284\" data-element_type=\"column\" data-e-type=\"column\" data-settings=\"{&quot;background_background&quot;:&quot;classic&quot;}\">\n\t\t\t<div class=\"elementor-widget-wrap elementor-element-populated\">\n\t\t\t\t\t\t<div class=\"elementor-element elementor-element-3f040d5 elementor-hidden-desktop elementor-widget elementor-widget-spacer\" data-id=\"3f040d5\" data-element_type=\"widget\" data-e-type=\"widget\" data-widget_type=\"spacer.default\">\n\t\t\t\t<div class=\"elementor-widget-container\">\n\t\t\t\t\t\t\t<div class=\"elementor-spacer\">\n\t\t\t<div class=\"elementor-spacer-inner\"><\/div>\n\t\t<\/div>\n\t\t\t\t\t\t<\/div>\n\t\t\t\t<\/div>\n\t\t\t\t\t<\/div>\n\t\t<\/div>\n\t\t\t\t\t<\/div>\n\t\t<\/section>\n\t\t\t\t<section class=\"elementor-section elementor-top-section elementor-element elementor-element-d868b93 elementor-section-full_width elementor-section-content-middle elementor-section-height-default elementor-section-height-default\" data-id=\"d868b93\" data-element_type=\"section\" data-e-type=\"section\">\n\t\t\t\t\t\t<div class=\"elementor-container elementor-column-gap-no\">\n\t\t\t\t\t<div class=\"elementor-column elementor-col-50 elementor-top-column elementor-element elementor-element-923c50a\" data-id=\"923c50a\" data-element_type=\"column\" data-e-type=\"column\" data-settings=\"{&quot;background_background&quot;:&quot;classic&quot;}\">\n\t\t\t<div class=\"elementor-widget-wrap elementor-element-populated\">\n\t\t\t\t\t\t<div class=\"elementor-element elementor-element-3d3c836 elementor-hidden-desktop elementor-widget elementor-widget-spacer\" data-id=\"3d3c836\" data-element_type=\"widget\" data-e-type=\"widget\" data-widget_type=\"spacer.default\">\n\t\t\t\t<div class=\"elementor-widget-container\">\n\t\t\t\t\t\t\t<div class=\"elementor-spacer\">\n\t\t\t<div class=\"elementor-spacer-inner\"><\/div>\n\t\t<\/div>\n\t\t\t\t\t\t<\/div>\n\t\t\t\t<\/div>\n\t\t\t\t\t<\/div>\n\t\t<\/div>\n\t\t\t\t<div class=\"elementor-column elementor-col-50 elementor-top-column elementor-element elementor-element-18e77ea\" data-id=\"18e77ea\" data-element_type=\"column\" data-e-type=\"column\" data-settings=\"{&quot;background_background&quot;:&quot;classic&quot;}\">\n\t\t\t<div class=\"elementor-widget-wrap elementor-element-populated\">\n\t\t\t\t\t\t<div class=\"elementor-element elementor-element-6faa77c elementor-cta--skin-classic elementor-animated-content elementor-widget elementor-widget-call-to-action\" data-id=\"6faa77c\" data-element_type=\"widget\" data-e-type=\"widget\" data-widget_type=\"call-to-action.default\">\n\t\t\t\t<div class=\"elementor-widget-container\">\n\t\t\t\t\t\t\t<div class=\"elementor-cta\">\n\t\t\t\t\t\t\t<div class=\"elementor-cta__content\">\n\t\t\t\t\n\t\t\t\t\t\t\t\t\t<h2 class=\"elementor-cta__title elementor-cta__content-item elementor-content-item\">\n\t\t\t\t\t\t\u00cdB\u00da\u00d0 03\t\t\t\t\t<\/h2>\n\t\t\t\t\n\t\t\t\t\t\t\t\t\t<div class=\"elementor-cta__description elementor-cta__content-item elementor-content-item\">\n\t\t\t\t\t\t<p><strong>\u00a0 \u00a0 \u00a0 Samantekt um \u00edb\u00fa\u00f0ina:<\/strong><\/p>\n<ul>\n<li>S\u00e9r inngangur me\u00f0 anddyri og fatask\u00e1pum.<\/li>\n<li>Flott eldh\u00fas me\u00f0 \u00f6llum gr\u00e6jum.<\/li>\n<li>Eitt svefnherbergi me\u00f0 r\u00fami fyrir tvo.<\/li>\n<li>\u00cd stofunni er svefns\u00f3fi fyrir tvo<\/li>\n<li>F\u00ednt ba\u00f0herbergi me\u00f0 \u00f6llum a\u00f0b\u00fana\u00f0i.<\/li>\n<li>Flottur flatskj\u00e1r og fr\u00edtt Wifi<\/li>\n<li>\u00cdb\u00fa\u00f0in ef fullh\u00fasg\u00f6gnu\u00f0 og er um 55 fm.<\/li>\n<\/ul>\n\t\t\t\t\t<\/div>\n\t\t\t\t\n\t\t\t\t\t\t\t\t\t<div class=\"elementor-cta__button-wrapper elementor-cta__content-item elementor-content-item \">\n\t\t\t\t\t<a class=\"elementor-cta__button elementor-button elementor-size-\" href=\"https:\/\/property.godo.is\/booking2.php?propid=29365\">\n\t\t\t\t\t\tB\u00f3ka\u00f0u h\u00e9r \u27f6\t\t\t\t\t<\/a>\n\t\t\t\t\t<\/div>\n\t\t\t\t\t\t\t<\/div>\n\t\t\t\t\t\t<\/div>\n\t\t\t\t\t\t<\/div>\n\t\t\t\t<\/div>\n\t\t\t\t\t<\/div>\n\t\t<\/div>\n\t\t\t\t\t<\/div>\n\t\t<\/section>\n\t\t\t\t<\/div>\n\t\t","protected":false},"excerpt":{"rendered":"<p>\u00cdB\u00da\u00d0 01 \u00a0 \u00a0 \u00a0Samantekt um \u00edb\u00fa\u00f0ina: S\u00e9r inngangur me\u00f0 anddyri og fatask\u00e1pum. Flott eldh\u00fas me\u00f0 \u00f6llum gr\u00e6jum. Eitt svefnherbergi me\u00f0 r\u00fami fyrir tvo. \u00cd stofunni er svefns\u00f3fi fyrir tvo F\u00ednt ba\u00f0herbergi me\u00f0 \u00f6llum a\u00f0b\u00fana\u00f0i. Flottur flatskj\u00e1r og fr\u00edtt Wifi \u00cdb\u00fa\u00f0in ef fullh\u00fasg\u00f6gnu\u00f0 og er um 50 fm. \u00a0 B\u00f3ka\u00f0u h\u00e9r \u27f6 \u00cdB\u00da\u00d0 02 \u00a0 [&hellip;]<\/p>\n","protected":false},"author":1,"featured_media":0,"parent":0,"menu_order":0,"comment_status":"closed","ping_status":"closed","template":"","meta":{"footnotes":""},"class_list":["post-342","page","type-page","status-publish","hentry"],"yoast_head":"<!-- This site is optimized with the Yoast SEO plugin v27.3 - https:\/\/yoast.com\/product\/yoast-seo-wordpress\/ -->\n<title>\u00cdb\u00fa\u00f0ir - Mengi Apartments<\/title>\n<meta name=\"robots\" content=\"index, follow, max-snippet:-1, max-image-preview:large, max-video-preview:-1\" \/>\n<link rel=\"canonical\" href=\"https:\/\/mengiapartments.is\/is\/ibudir\/\" \/>\n<meta property=\"og:locale\" content=\"is_IS\" \/>\n<meta property=\"og:type\" content=\"article\" \/>\n<meta property=\"og:title\" content=\"\u00cdb\u00fa\u00f0ir - Mengi Apartments\" \/>\n<meta property=\"og:description\" content=\"\u00cdB\u00da\u00d0 01 \u00a0 \u00a0 \u00a0Samantekt um \u00edb\u00fa\u00f0ina: S\u00e9r inngangur me\u00f0 anddyri og fatask\u00e1pum. Flott eldh\u00fas me\u00f0 \u00f6llum gr\u00e6jum. Eitt svefnherbergi me\u00f0 r\u00fami fyrir tvo. \u00cd stofunni er svefns\u00f3fi fyrir tvo F\u00ednt ba\u00f0herbergi me\u00f0 \u00f6llum a\u00f0b\u00fana\u00f0i. Flottur flatskj\u00e1r og fr\u00edtt Wifi \u00cdb\u00fa\u00f0in ef fullh\u00fasg\u00f6gnu\u00f0 og er um 50 fm. \u00a0 B\u00f3ka\u00f0u h\u00e9r \u27f6 \u00cdB\u00da\u00d0 02 \u00a0 [&hellip;]\" \/>\n<meta property=\"og:url\" content=\"https:\/\/mengiapartments.is\/is\/ibudir\/\" \/>\n<meta property=\"og:site_name\" content=\"Mengi Apartments\" \/>\n<meta property=\"article:modified_time\" content=\"2021-04-07T08:42:02+00:00\" \/>\n<meta name=\"twitter:card\" content=\"summary_large_image\" \/>\n<meta name=\"twitter:label1\" content=\"Est. reading time\" \/>\n\t<meta name=\"twitter:data1\" content=\"1 minute\" \/>\n<script type=\"application\/ld+json\" class=\"yoast-schema-graph\">{\"@context\":\"https:\\\/\\\/schema.org\",\"@graph\":[{\"@type\":\"WebPage\",\"@id\":\"https:\\\/\\\/mengiapartments.is\\\/is\\\/ibudir\\\/\",\"url\":\"https:\\\/\\\/mengiapartments.is\\\/is\\\/ibudir\\\/\",\"name\":\"\u00cdb\u00fa\u00f0ir - Mengi Apartments\",\"isPartOf\":{\"@id\":\"https:\\\/\\\/mengiapartments.is\\\/#website\"},\"datePublished\":\"2021-03-30T10:09:08+00:00\",\"dateModified\":\"2021-04-07T08:42:02+00:00\",\"breadcrumb\":{\"@id\":\"https:\\\/\\\/mengiapartments.is\\\/is\\\/ibudir\\\/#breadcrumb\"},\"inLanguage\":\"is\",\"potentialAction\":[{\"@type\":\"ReadAction\",\"target\":[\"https:\\\/\\\/mengiapartments.is\\\/is\\\/ibudir\\\/\"]}]},{\"@type\":\"BreadcrumbList\",\"@id\":\"https:\\\/\\\/mengiapartments.is\\\/is\\\/ibudir\\\/#breadcrumb\",\"itemListElement\":[{\"@type\":\"ListItem\",\"position\":1,\"name\":\"Home\",\"item\":\"https:\\\/\\\/mengiapartments.is\\\/is\\\/\"},{\"@type\":\"ListItem\",\"position\":2,\"name\":\"\u00cdb\u00fa\u00f0ir\"}]},{\"@type\":\"WebSite\",\"@id\":\"https:\\\/\\\/mengiapartments.is\\\/#website\",\"url\":\"https:\\\/\\\/mengiapartments.is\\\/\",\"name\":\"Mengi Apartments\",\"description\":\"Reykjav&iacute;k, Iceland\",\"potentialAction\":[{\"@type\":\"SearchAction\",\"target\":{\"@type\":\"EntryPoint\",\"urlTemplate\":\"https:\\\/\\\/mengiapartments.is\\\/?s={search_term_string}\"},\"query-input\":{\"@type\":\"PropertyValueSpecification\",\"valueRequired\":true,\"valueName\":\"search_term_string\"}}],\"inLanguage\":\"is\"}]}<\/script>\n<!-- \/ Yoast SEO plugin. -->","yoast_head_json":{"title":"\u00cdb\u00fa\u00f0ir - Mengi Apartments","robots":{"index":"index","follow":"follow","max-snippet":"max-snippet:-1","max-image-preview":"max-image-preview:large","max-video-preview":"max-video-preview:-1"},"canonical":"https:\/\/mengiapartments.is\/is\/ibudir\/","og_locale":"is_IS","og_type":"article","og_title":"\u00cdb\u00fa\u00f0ir - Mengi Apartments","og_description":"\u00cdB\u00da\u00d0 01 \u00a0 \u00a0 \u00a0Samantekt um \u00edb\u00fa\u00f0ina: S\u00e9r inngangur me\u00f0 anddyri og fatask\u00e1pum. Flott eldh\u00fas me\u00f0 \u00f6llum gr\u00e6jum. Eitt svefnherbergi me\u00f0 r\u00fami fyrir tvo. \u00cd stofunni er svefns\u00f3fi fyrir tvo F\u00ednt ba\u00f0herbergi me\u00f0 \u00f6llum a\u00f0b\u00fana\u00f0i. Flottur flatskj\u00e1r og fr\u00edtt Wifi \u00cdb\u00fa\u00f0in ef fullh\u00fasg\u00f6gnu\u00f0 og er um 50 fm. \u00a0 B\u00f3ka\u00f0u h\u00e9r \u27f6 \u00cdB\u00da\u00d0 02 \u00a0 [&hellip;]","og_url":"https:\/\/mengiapartments.is\/is\/ibudir\/","og_site_name":"Mengi Apartments","article_modified_time":"2021-04-07T08:42:02+00:00","twitter_card":"summary_large_image","twitter_misc":{"Est. reading time":"1 minute"},"schema":{"@context":"https:\/\/schema.org","@graph":[{"@type":"WebPage","@id":"https:\/\/mengiapartments.is\/is\/ibudir\/","url":"https:\/\/mengiapartments.is\/is\/ibudir\/","name":"\u00cdb\u00fa\u00f0ir - Mengi Apartments","isPartOf":{"@id":"https:\/\/mengiapartments.is\/#website"},"datePublished":"2021-03-30T10:09:08+00:00","dateModified":"2021-04-07T08:42:02+00:00","breadcrumb":{"@id":"https:\/\/mengiapartments.is\/is\/ibudir\/#breadcrumb"},"inLanguage":"is","potentialAction":[{"@type":"ReadAction","target":["https:\/\/mengiapartments.is\/is\/ibudir\/"]}]},{"@type":"BreadcrumbList","@id":"https:\/\/mengiapartments.is\/is\/ibudir\/#breadcrumb","itemListElement":[{"@type":"ListItem","position":1,"name":"Home","item":"https:\/\/mengiapartments.is\/is\/"},{"@type":"ListItem","position":2,"name":"\u00cdb\u00fa\u00f0ir"}]},{"@type":"WebSite","@id":"https:\/\/mengiapartments.is\/#website","url":"https:\/\/mengiapartments.is\/","name":"Mengi Apartments","description":"Reykjav&iacute;k, Iceland","potentialAction":[{"@type":"SearchAction","target":{"@type":"EntryPoint","urlTemplate":"https:\/\/mengiapartments.is\/?s={search_term_string}"},"query-input":{"@type":"PropertyValueSpecification","valueRequired":true,"valueName":"search_term_string"}}],"inLanguage":"is"}]}},"_links":{"self":[{"href":"https:\/\/mengiapartments.is\/is\/wp-json\/wp\/v2\/pages\/342","targetHints":{"allow":["GET"]}}],"collection":[{"href":"https:\/\/mengiapartments.is\/is\/wp-json\/wp\/v2\/pages"}],"about":[{"href":"https:\/\/mengiapartments.is\/is\/wp-json\/wp\/v2\/types\/page"}],"author":[{"embeddable":true,"href":"https:\/\/mengiapartments.is\/is\/wp-json\/wp\/v2\/users\/1"}],"replies":[{"embeddable":true,"href":"https:\/\/mengiapartments.is\/is\/wp-json\/wp\/v2\/comments?post=342"}],"version-history":[{"count":12,"href":"https:\/\/mengiapartments.is\/is\/wp-json\/wp\/v2\/pages\/342\/revisions"}],"predecessor-version":[{"id":412,"href":"https:\/\/mengiapartments.is\/is\/wp-json\/wp\/v2\/pages\/342\/revisions\/412"}],"wp:attachment":[{"href":"https:\/\/mengiapartments.is\/is\/wp-json\/wp\/v2\/media?parent=342"}],"curies":[{"name":"wp","href":"https:\/\/api.w.org\/{rel}","templated":true}]}}